{"id":319,"date":"2016-08-23T04:15:21","date_gmt":"2016-08-23T04:15:21","guid":{"rendered":"http:\/\/demo.uix.store\/sober\/?page_id=319"},"modified":"2025-04-07T11:30:20","modified_gmt":"2025-04-07T09:30:20","slug":"about-us","status":"publish","type":"page","link":"https:\/\/draconis.es\/es\/about-us\/","title":{"rendered":"About us"},"content":{"rendered":"<div class=\"wpb-content-wrapper\"><div class=\"vc_row wpb_row vc_row-fluid vc_custom_1480665418505\"><div class=\"wpb_column vc_column_container vc_col-sm-8 vc_col-lg-offset-2 vc_col-lg-8 vc_col-md-offset-0 vc_col-md-12 vc_col-sm-offset-0\"><div class=\"vc_column-inner\"><div class=\"wpb_wrapper\">\n\t<div class=\"wpb_text_column wpb_content_element\" >\n\t\t<div class=\"wpb_wrapper\">\n\t\t\t<p>En Draconis, cada joya es una historia esperando ser contada. Los expertos grabadores, trabajan para crear piezas \u00fanicas y llenas de magia. Cada grabado hecho a mano eterniza momentos, emociones y deseos, convirti\u00e9ndolos en amuletos \u00fanicos para cada persona.<\/p>\n<p>La belleza y el encanto de cada joya de Draconis es m\u00e1gica. Utilizamos plata 925 de la mejor calidad creando joyas \u00fanicas que son transmitidas de generaci\u00f3n en generaci\u00f3n, cada pieza es cuidadosamente dise\u00f1ada y elaborada con buena intenci\u00f3n y dedicaci\u00f3n, cada amuleto es una obra maestra que cuenta una historia \u00fanica.<\/p>\n<p>su resplandor te guiar\u00e1 hacia tus sue\u00f1os m\u00e1s profundos, ayud\u00e1ndote a hacerlos realidad.\u00a0<\/p>\n<p>Si est\u00e1s buscando un regalo \u00fanico y significativo, las joyas de Draconis son la elecci\u00f3n perfecta. Personaliza tu amuleto con lo que te venga ala mente, monogramas, dise\u00f1os, escudos, fechas especiales, nombres queridos, palabras que te inspiren... y crea un recuerdo que perdurar\u00e1 para siempre. Cada grabado, meticulosamente grabado en el metal, cuenta una historia personal.<\/p>\n<p>Queremos que te sientas parte de nuestro mundo m\u00e1gico. No dudes en contactarnos para resolver cualquier duda y d\u00e9janos llevar por tu imaginaci\u00f3n. Estamos aqu\u00ed para ayudarte a encontrar el amuleto perfecto para ti.\u00a0<\/p>\n<p>Sum\u00e9rgete en el universo de Draconis y agrega un toque m\u00e1gico a tu vida.<\/p>\n\n\t\t<\/div>\n\t<\/div>\n<\/div><\/div><\/div><\/div>\n<\/div>","protected":false},"excerpt":{"rendered":"At Draconis, each piece of jewelry is a story waiting to be told. Expert engravers&hellip;","protected":false},"author":1,"featured_media":0,"parent":0,"menu_order":0,"comment_status":"closed","ping_status":"closed","template":"","meta":{"footnotes":""},"class_list":["post-319","page","type-page","status-publish","hentry"],"_links":{"self":[{"href":"https:\/\/draconis.es\/es\/wp-json\/wp\/v2\/pages\/319","targetHints":{"allow":["GET"]}}],"collection":[{"href":"https:\/\/draconis.es\/es\/wp-json\/wp\/v2\/pages"}],"about":[{"href":"https:\/\/draconis.es\/es\/wp-json\/wp\/v2\/types\/page"}],"author":[{"embeddable":true,"href":"https:\/\/draconis.es\/es\/wp-json\/wp\/v2\/users\/1"}],"replies":[{"embeddable":true,"href":"https:\/\/draconis.es\/es\/wp-json\/wp\/v2\/comments?post=319"}],"version-history":[{"count":8,"href":"https:\/\/draconis.es\/es\/wp-json\/wp\/v2\/pages\/319\/revisions"}],"predecessor-version":[{"id":4263,"href":"https:\/\/draconis.es\/es\/wp-json\/wp\/v2\/pages\/319\/revisions\/4263"}],"wp:attachment":[{"href":"https:\/\/draconis.es\/es\/wp-json\/wp\/v2\/media?parent=319"}],"curies":[{"name":"wp","href":"https:\/\/api.w.org\/{rel}","templated":true}]}}