{"id":347,"date":"2016-08-23T06:44:55","date_gmt":"2016-08-23T06:44:55","guid":{"rendered":"http:\/\/demo.uix.store\/sober\/?page_id=347"},"modified":"2025-04-07T19:05:55","modified_gmt":"2025-04-07T17:05:55","slug":"faqs","status":"publish","type":"page","link":"https:\/\/draconis.es\/es\/faqs\/","title":{"rendered":"FAQs"},"content":{"rendered":"<div class=\"wpb-content-wrapper\"><div class=\"vc_row wpb_row vc_row-fluid\"><div class=\"wpb_column vc_column_container vc_col-sm-12\"><div class=\"vc_column-inner\"><div class=\"wpb_wrapper\"><div class=\"sober-faq\">\n\t\t\t\t<div class=\"question\">\n\t\t\t\t\t<span class=\"question-label\">Question<\/span>\n\t\t\t\t\t<span class=\"question-icon\"><span class=\"toggle-icon\"><\/span><\/span>\n\t\t\t\t\t<span class=\"question-title\">QU\u00c9 M\u00c9TODOS DE PAGO ACEPTAIS?<\/span>\n\t\t\t\t<\/div>\n\t\t\t\t<div class=\"answer\"><span class=\"answer-label\">Answer<\/span>Actualmente aceptamos los siguientes m\u00e9todos de pago:<\/p>\n<div class=\"cc-accordion-item__panel\">\n<div class=\"cc-accordion-item__content\">\n<p>Visa, MasterCard, American Express, PayPal, Discover, Diners Club, JCB y China UnionPay, Apple Pay, Google Pay, Clearpay and Klarna.<\/p>\n<p>&nbsp;<\/p>\n<\/div>\n<\/div>\n<p><\/div>\n\t\t\t<\/div><div class=\"sober-faq\">\n\t\t\t\t<div class=\"question\">\n\t\t\t\t\t<span class=\"question-label\">Question<\/span>\n\t\t\t\t\t<span class=\"question-icon\"><span class=\"toggle-icon\"><\/span><\/span>\n\t\t\t\t\t<span class=\"question-title\">CUANDO SE VA A ENVIAR MI PEDIDO?<\/span>\n\t\t\t\t<\/div>\n\t\t\t\t<div class=\"answer\"><span class=\"answer-label\">Answer<\/span><\/p>\n<div class=\"cc-accordion-item__panel\">\n<div class=\"cc-accordion-item__content\">\n<p>En cuanto un pedido entra en nuestro sistema, se transfiere y env\u00eda lo antes posible. En \u00e9pocas de alta demanda, este proceso puede tardar m\u00e1s de lo habitual.<\/p>\n<p>Para joyas personalizadas, la fabricaci\u00f3n de su joya tardar\u00e1 de 2 a 3 semanas antes del env\u00edo.<\/p>\n<p><strong>Espa\u00f1a (Pen\u00ednsula y Baleares) y Portugal <\/strong>(Mainland &amp; Balearic Islands)<\/p>\n<p class=\"p1\">&#8211; EXPRESS 24\/48H<\/p>\n<p class=\"p1\"><b>International<\/b><\/p>\n<p class=\"p1\">\u2013 EXPRESS\u00a04 dias ordinarios<\/p>\n<p>&nbsp;<\/p>\n<\/div>\n<\/div>\n<p><\/div>\n\t\t\t<\/div><div class=\"sober-faq\">\n\t\t\t\t<div class=\"question\">\n\t\t\t\t\t<span class=\"question-label\">Question<\/span>\n\t\t\t\t\t<span class=\"question-icon\"><span class=\"toggle-icon\"><\/span><\/span>\n\t\t\t\t\t<span class=\"question-title\">COMO PUEDO LOCALIZAR MI PAQUETE?<\/span>\n\t\t\t\t<\/div>\n\t\t\t\t<div class=\"answer\"><span class=\"answer-label\">Answer<\/span>Cuando se env\u00ede su pedido, recibir\u00e1 un correo electr\u00f3nico de la empresa de env\u00edo con la informaci\u00f3n de seguimiento de su pedido.<\/div>\n\t\t\t<\/div><div class=\"sober-faq   open\">\n\t\t\t\t<div class=\"question\">\n\t\t\t\t\t<span class=\"question-label\">Question<\/span>\n\t\t\t\t\t<span class=\"question-icon\"><span class=\"toggle-icon\"><\/span><\/span>\n\t\t\t\t\t<span class=\"question-title\">QU\u00c9 PUEDO GRABAR EN UNA PIEZA DE JOYER\u00cdA DRACONIS?<\/span>\n\t\t\t\t<\/div>\n\t\t\t\t<div class=\"answer\"><span class=\"answer-label\">Answer<\/span>Your jewel is a blank canvas ready for you to personalize with whatever you wish. Draconis uses traditional hand engraving, so we can do almost anything to any part of the ring.<\/div>\n\t\t\t<\/div><div class=\"sober-faq\">\n\t\t\t\t<div class=\"question\">\n\t\t\t\t\t<span class=\"question-label\">Question<\/span>\n\t\t\t\t\t<span class=\"question-icon\"><span class=\"toggle-icon\"><\/span><\/span>\n\t\t\t\t\t<span class=\"question-title\">\u00bfQU\u00c9 PASA SI MI ANILLO ES DEL TAMA\u00d1O DE DEDO INCORRECTO?<\/span>\n\t\t\t\t<\/div>\n\t\t\t\t<div class=\"answer\"><span class=\"answer-label\">Answer<\/span><\/p>\n<p id=\"ui-id-16\" class=\"ui-accordion-header ui-corner-top ui-state-default ui-accordion-icons ui-accordion-header-active ui-state-active\" tabindex=\"0\" role=\"tab\" aria-controls=\"ui-id-17\" aria-selected=\"true\" aria-expanded=\"true\"><span style=\"color: #000000; font-family: 'Sofia Pro'; font-size: 14px;\">Si el anillo de sello terminado necesita un peque\u00f1o ajuste de talla, de tres tallas m\u00e1s o menos, lo haremos sin coste alguno si nos lo devuelve en un plazo de 28 d\u00edas desde la compra. En la mayor\u00eda de los casos, el plazo de entrega es de una semana.<\/span><\/p>\n<div id=\"ui-id-17\" class=\"ui-accordion-content ui-corner-bottom ui-helper-reset ui-widget-content ui-accordion-content-active\" role=\"tabpanel\" aria-labelledby=\"ui-id-16\" aria-hidden=\"false\">\n<div data-content-type=\"html\" data-appearance=\"default\" data-element=\"main\" data-decoded=\"true\">\n<p>Para obtener asesoramiento, p\u00f3ngase en contacto con nosotros antes de devolver su joya. Los clientes internacionales y espa\u00f1oles se har\u00e1n cargo de los gastos de env\u00edo de la devoluci\u00f3n.<\/p>\n<p>&nbsp;<\/p>\n<\/div>\n<\/div>\n<p><\/div>\n\t\t\t<\/div><div class=\"sober-faq\">\n\t\t\t\t<div class=\"question\">\n\t\t\t\t\t<span class=\"question-label\">Question<\/span>\n\t\t\t\t\t<span class=\"question-icon\"><span class=\"toggle-icon\"><\/span><\/span>\n\t\t\t\t\t<span class=\"question-title\">C\u00d3MO CUIDO MI PRODUCTO?<\/span>\n\t\t\t\t<\/div>\n\t\t\t\t<div class=\"answer\"><span class=\"answer-label\">Answer<\/span><\/p>\n<p class=\"ui-accordion-header ui-corner-top ui-state-default ui-accordion-icons ui-accordion-header-active ui-state-active\" tabindex=\"0\" role=\"tab\" aria-controls=\"ui-id-17\" aria-selected=\"true\" aria-expanded=\"true\"><span style=\"color: #000000; font-family: 'Sofia Pro'; font-size: 14px;\">Para garantizar que sus prendas duren m\u00e1s, le recomendamos seguir las instrucciones de lavado de la etiqueta.<\/span><\/p>\n<p class=\"ui-accordion-header ui-corner-top ui-state-default ui-accordion-icons ui-accordion-header-active ui-state-active\" tabindex=\"0\" role=\"tab\" aria-controls=\"ui-id-17\" aria-selected=\"true\" aria-expanded=\"true\"><span style=\"color: #000000; font-family: 'Sofia Pro'; font-size: 14px;\">For ensure that your Jewelry stays perfect, we recommend you to use the polishing cloth provided from time to time.<\/span><\/p>\n<p class=\"ui-accordion-header ui-corner-top ui-state-default ui-accordion-icons ui-accordion-header-active ui-state-active\" tabindex=\"0\" role=\"tab\" aria-controls=\"ui-id-17\" aria-selected=\"true\" aria-expanded=\"true\"><span style=\"font-weight: 400;\">La plata de ley 925 es sensible a ciertos qu\u00edmicos. Por lo tanto, es fundamental evitar el contacto con cosm\u00e9ticos, perfumes, lej\u00eda y productos de limpieza. En el d\u00eda a d\u00eda, se recomienda usar las joyas de plata despu\u00e9s de aplicar maquillaje y perfume para minimizar el da\u00f1o qu\u00edmico.\u00a0<\/span><\/p>\n<p><\/div>\n\t\t\t<\/div><div class=\"sober-faq\">\n\t\t\t\t<div class=\"question\">\n\t\t\t\t\t<span class=\"question-label\">Question<\/span>\n\t\t\t\t\t<span class=\"question-icon\"><span class=\"toggle-icon\"><\/span><\/span>\n\t\t\t\t\t<span class=\"question-title\">PUEDO DEVOLVERLO\/CAMBIARLO?<\/span>\n\t\t\t\t<\/div>\n\t\t\t\t<div class=\"answer\"><span class=\"answer-label\">Answer<\/span><\/p>\n<div class=\"cc-accordion-item__panel\">\n<div class=\"cc-accordion-item__content\">\n<p>Si no est\u00e1 completamente satisfecho con su pedido reciente de Draconis, aceptaremos con gusto cualquier art\u00edculo sin personalizar que est\u00e9 nuevo y sin usar, lavar ni modificar.<\/p>\n<p>Las joyas personalizadas no se pueden devolver ni cambiar.<\/p>\n<\/div>\n<\/div>\n<p><\/div>\n\t\t\t<\/div><\/div><\/div><\/div><\/div>\n<\/div>","protected":false},"excerpt":{"rendered":"Question WHICH PAYMENT METHODS DO YOU ACCEPT? AnswerWe currently accept the following payment methods: Visa,&hellip;","protected":false},"author":1,"featured_media":0,"parent":0,"menu_order":0,"comment_status":"closed","ping_status":"closed","template":"","meta":{"footnotes":""},"class_list":["post-347","page","type-page","status-publish","hentry"],"_links":{"self":[{"href":"https:\/\/draconis.es\/es\/wp-json\/wp\/v2\/pages\/347","targetHints":{"allow":["GET"]}}],"collection":[{"href":"https:\/\/draconis.es\/es\/wp-json\/wp\/v2\/pages"}],"about":[{"href":"https:\/\/draconis.es\/es\/wp-json\/wp\/v2\/types\/page"}],"author":[{"embeddable":true,"href":"https:\/\/draconis.es\/es\/wp-json\/wp\/v2\/users\/1"}],"replies":[{"embeddable":true,"href":"https:\/\/draconis.es\/es\/wp-json\/wp\/v2\/comments?post=347"}],"version-history":[{"count":16,"href":"https:\/\/draconis.es\/es\/wp-json\/wp\/v2\/pages\/347\/revisions"}],"predecessor-version":[{"id":4285,"href":"https:\/\/draconis.es\/es\/wp-json\/wp\/v2\/pages\/347\/revisions\/4285"}],"wp:attachment":[{"href":"https:\/\/draconis.es\/es\/wp-json\/wp\/v2\/media?parent=347"}],"curies":[{"name":"wp","href":"https:\/\/api.w.org\/{rel}","templated":true}]}}