{"id":2930,"date":"2024-01-17T20:33:39","date_gmt":"2024-01-17T19:33:39","guid":{"rendered":"https:\/\/draconis.es\/web2024\/?post_type=product&#038;p=2930"},"modified":"2025-10-30T18:42:37","modified_gmt":"2025-10-30T17:42:37","slug":"round-big","status":"publish","type":"product","link":"https:\/\/draconis.es\/es\/producto\/round-big\/","title":{"rendered":"round big"},"content":{"rendered":"<p>La medalla redonda peque\u00f1a , tiene un grosor de 2,12 mm lo que le da un peso perfecto y satisfactorio. Se graba a mano bajo microscopio y buril con cualquier dise\u00f1o o idea que desees, por lo que ser\u00e1 \u00fanico y lleno de significado y magia.<\/p>\n<p>Plata 925<\/p>\n<p>\u2022 Dimensiones: 25mm diameter<\/p>\n<p>La fabricaci\u00f3n y el grabado a mano de su talism\u00e1n \nnos llevar\u00e1 de 2 a 3 semanas antes del env\u00edo, dependiendo del dise\u00f1o.<\/p>","protected":false},"excerpt":{"rendered":"<p>A personal unique round pendant, handmade and handengraved \u00a0with a nice thickness of 2,12mm wich&hellip;<\/p>","protected":false},"featured_media":3037,"comment_status":"closed","ping_status":"closed","template":"","meta":[],"product_brand":[],"product_cat":[63,71],"product_tag":[],"class_list":{"0":"post-2930","1":"product","2":"type-product","3":"status-publish","4":"has-post-thumbnail","6":"product_cat-jewelry","7":"product_cat-pendants","8":"wcpa_has_options","10":"first","11":"instock","12":"shipping-taxable","13":"purchasable","14":"product-type-variable","15":"has-default-attributes","16":"layout-style-2","17":"col-md-4 col-sm-4 col-xs-6","18":"col-lg-3","19":"product-has-gallery","20":"product-style-default"},"wcpa_form_fields":{"wcpaData":{"product":{"product_price":233,"price_html":"<span class=\"woocs_price_code\" data-currency=\"\" data-redraw-id=\"69d1c26a4c779\"  data-product-id=\"2930\"><span class=\"woocommerce-Price-amount amount\" aria-hidden=\"true\"><bdi><span class=\"woocommerce-Price-currencySymbol\">&euro;<\/span>&nbsp;233,00<\/bdi><\/span> <span aria-hidden=\"true\">-<\/span> <span class=\"woocommerce-Price-amount amount\" aria-hidden=\"true\"><bdi><span class=\"woocommerce-Price-currencySymbol\">&euro;<\/span>&nbsp;245,00<\/bdi><\/span><span class=\"screen-reader-text\">Rango de precios: desde &euro;&nbsp;233,00 hasta &euro;&nbsp;245,00<\/span><\/span>","original_product_price":233,"price_including_tax":233,"price_excluding_tax":233,"product_id":{"parent":2930,"variation":false},"is_variable":true,"stock_status":"instock","stock_quantity":null,"parent_sku":"","product_attributes":{"pa_chain":{"is_variation":true,"values":[]}},"custom_fields":[],"is_taxable":false,"product_name":"round big","hasImage":false},"fields":{"sec_9670d8ba5a1dec":{"extra":{"key":"sec_9670d8ba5a1dec","section_id":"sec_9670d8ba5a1dec","name":"Por defecto","status":1,"toggle":true,"form_id":3548,"form_rules":{"exclude_from_discount":false,"fee_label":"Fee","disp_hide_options_price":false,"disp_show_section_price":false,"disp_show_field_price":true,"layout_option":"standard","pric_use_as_fee":false,"process_fee_as":"woo_fee"},"layout_option":"standard"},"fields":[[{"active":true,"col":6,"relations":false,"cl_rule":"show","enableCl":false,"price":"","enablePrice":false,"className":"","type":"textarea","required":false,"elementId":"textarea_9418057581","label":"What do you want to engrave?","name":"textarea_9418057581","value":"","rows":2,"error":false,"description":"","enableDesign":true,"LabelColor":"#000000","DescColor":"#909097","LabelSize":"","tooltip":"","placeholder":"describe what do you want to engrave in your talisman","gt_translate_keys":["label","placeholder","description","value","tooltip"],"price_dependency":false,"cl_dependency":false}],[{"active":true,"col":6,"relations":false,"cl_rule":"show","enableCl":false,"price":"","enablePrice":false,"className":"","label_position":"default","desc_position":"default","type":"file","required":false,"elementId":"file_0941417251","name":"file_0941417251","label":"Add Reference image","upload_type":"ajax","uploadSize":500,"file_types":["images","docs","design"],"error":false,"enableDesign":true,"LabelColor":"#000000","allowedFileTypes":"image\/*,.doc,.docx,.xml,.dot,.docm,.dotm,.dotx,.htm,.html,.odt,.pdf,.rtf,.txt,.wps,.xps,application\/msword,application\/vnd,.psd,.eps,.ai,.indd,.raw","gt_translate_keys":["label"],"price_dependency":false,"cl_dependency":false,"value":""}]]}},"config":{"price_override":"","enable_recaptcha":false,"bind_quantity":false,"quantity_bind_formula":false,"disp_summ_show_option_price":true,"disp_summ_show_product_price":true,"disp_summ_show_total_price":true,"disp_summ_show_fee":false,"disp_summ_show_discount":false,"summary_title":"","options_total_label":"Options Price","total_label":"Total","options_product_label":"Product Price","fee_label":"Fee","discount_label":"Discount","has_price":true,"has_quantity_formula":false},"mc_unit":1,"tax_rate":1,"tax_rate_real":1,"discount":{"percentage":0,"fixed":0},"design":{"conf":{"LabelPosition":"above","DescPosition":"above","UploadField":"custom_1","QuantityFieldStyle":"default"},"css":{"LeftLabelWidth":"120px"}},"formulas":[],"lookuptables":[],"clones":false,"cartKey":false}},"_links":{"self":[{"href":"https:\/\/draconis.es\/es\/wp-json\/wp\/v2\/product\/2930","targetHints":{"allow":["GET"]}}],"collection":[{"href":"https:\/\/draconis.es\/es\/wp-json\/wp\/v2\/product"}],"about":[{"href":"https:\/\/draconis.es\/es\/wp-json\/wp\/v2\/types\/product"}],"replies":[{"embeddable":true,"href":"https:\/\/draconis.es\/es\/wp-json\/wp\/v2\/comments?post=2930"}],"wp:featuredmedia":[{"embeddable":true,"href":"https:\/\/draconis.es\/es\/wp-json\/wp\/v2\/media\/3037"}],"wp:attachment":[{"href":"https:\/\/draconis.es\/es\/wp-json\/wp\/v2\/media?parent=2930"}],"wp:term":[{"taxonomy":"product_brand","embeddable":true,"href":"https:\/\/draconis.es\/es\/wp-json\/wp\/v2\/product_brand?post=2930"},{"taxonomy":"product_cat","embeddable":true,"href":"https:\/\/draconis.es\/es\/wp-json\/wp\/v2\/product_cat?post=2930"},{"taxonomy":"product_tag","embeddable":true,"href":"https:\/\/draconis.es\/es\/wp-json\/wp\/v2\/product_tag?post=2930"}],"curies":[{"name":"wp","href":"https:\/\/api.w.org\/{rel}","templated":true}]}}