{"id":3501,"date":"2024-10-11T12:57:47","date_gmt":"2024-10-11T10:57:47","guid":{"rendered":"https:\/\/draconis.es\/web2024\/?post_type=product&#038;p=3501"},"modified":"2024-11-24T11:13:48","modified_gmt":"2024-11-24T10:13:48","slug":"arcs-calligraphy-1-1","status":"publish","type":"product","link":"https:\/\/draconis.es\/es\/producto\/arcs-calligraphy-1-1\/","title":{"rendered":"Calligrapy mandala 1\/1 XL"},"content":{"rendered":"<p>Camiseta \u00fanica, pintada a mano, 100% algod\u00f3n, talla XL, todas las palabras son positivas, escritas a mano en estado meditativo con buena intenci\u00f3n.<\/p>","protected":false},"excerpt":{"rendered":"<p>Unique, one of one handpainted 100% cotton t-shirt, xl size, all the words are positive,&hellip;<\/p>","protected":false},"featured_media":3461,"comment_status":"closed","ping_status":"closed","template":"","meta":[],"product_brand":[],"product_cat":[67,69],"product_tag":[],"class_list":{"0":"post-3501","1":"product","2":"type-product","3":"status-publish","4":"has-post-thumbnail","6":"product_cat-pret-a-porter","7":"product_cat-t-shirts","9":"first","10":"instock","11":"sold-individually","12":"shipping-taxable","13":"purchasable","14":"product-type-simple","15":"layout-style-2","16":"col-md-4 col-sm-4 col-xs-6","17":"col-lg-3","18":"product-has-gallery","19":"product-style-default"},"wcpa_form_fields":null,"_links":{"self":[{"href":"https:\/\/draconis.es\/es\/wp-json\/wp\/v2\/product\/3501","targetHints":{"allow":["GET"]}}],"collection":[{"href":"https:\/\/draconis.es\/es\/wp-json\/wp\/v2\/product"}],"about":[{"href":"https:\/\/draconis.es\/es\/wp-json\/wp\/v2\/types\/product"}],"replies":[{"embeddable":true,"href":"https:\/\/draconis.es\/es\/wp-json\/wp\/v2\/comments?post=3501"}],"wp:featuredmedia":[{"embeddable":true,"href":"https:\/\/draconis.es\/es\/wp-json\/wp\/v2\/media\/3461"}],"wp:attachment":[{"href":"https:\/\/draconis.es\/es\/wp-json\/wp\/v2\/media?parent=3501"}],"wp:term":[{"taxonomy":"product_brand","embeddable":true,"href":"https:\/\/draconis.es\/es\/wp-json\/wp\/v2\/product_brand?post=3501"},{"taxonomy":"product_cat","embeddable":true,"href":"https:\/\/draconis.es\/es\/wp-json\/wp\/v2\/product_cat?post=3501"},{"taxonomy":"product_tag","embeddable":true,"href":"https:\/\/draconis.es\/es\/wp-json\/wp\/v2\/product_tag?post=3501"}],"curies":[{"name":"wp","href":"https:\/\/api.w.org\/{rel}","templated":true}]}}