{"id":3511,"date":"2024-10-11T13:04:14","date_gmt":"2024-10-11T11:04:14","guid":{"rendered":"https:\/\/draconis.es\/web2024\/?post_type=product&#038;p=3511"},"modified":"2024-11-24T11:13:49","modified_gmt":"2024-11-24T10:13:49","slug":"double-arc-calligraphy-1-1-copia","status":"publish","type":"product","link":"https:\/\/draconis.es\/es\/producto\/double-arc-calligraphy-1-1-copia\/","title":{"rendered":"Magic words 1\/1 XL"},"content":{"rendered":"<p>Camiseta \u00fanica  pintada a mano de algod\u00f3n 100 %, talla XL. Todas las palabras son positivas y est\u00e1n escritas con buena intenci\u00f3n.<\/p>","protected":false},"excerpt":{"rendered":"<p>Unique one of one handpainted 100% cotton t-shirt xl size, all the words are positive&hellip;<\/p>","protected":false},"featured_media":3455,"comment_status":"closed","ping_status":"closed","template":"","meta":[],"product_brand":[],"product_cat":[67,69],"product_tag":[],"class_list":{"0":"post-3511","1":"product","2":"type-product","3":"status-publish","4":"has-post-thumbnail","6":"product_cat-pret-a-porter","7":"product_cat-t-shirts","9":"first","10":"instock","11":"shipping-taxable","12":"purchasable","13":"product-type-simple","14":"layout-style-2","15":"col-md-4 col-sm-4 col-xs-6","16":"col-lg-3","17":"product-has-gallery","18":"product-style-default"},"wcpa_form_fields":null,"_links":{"self":[{"href":"https:\/\/draconis.es\/es\/wp-json\/wp\/v2\/product\/3511","targetHints":{"allow":["GET"]}}],"collection":[{"href":"https:\/\/draconis.es\/es\/wp-json\/wp\/v2\/product"}],"about":[{"href":"https:\/\/draconis.es\/es\/wp-json\/wp\/v2\/types\/product"}],"replies":[{"embeddable":true,"href":"https:\/\/draconis.es\/es\/wp-json\/wp\/v2\/comments?post=3511"}],"wp:featuredmedia":[{"embeddable":true,"href":"https:\/\/draconis.es\/es\/wp-json\/wp\/v2\/media\/3455"}],"wp:attachment":[{"href":"https:\/\/draconis.es\/es\/wp-json\/wp\/v2\/media?parent=3511"}],"wp:term":[{"taxonomy":"product_brand","embeddable":true,"href":"https:\/\/draconis.es\/es\/wp-json\/wp\/v2\/product_brand?post=3511"},{"taxonomy":"product_cat","embeddable":true,"href":"https:\/\/draconis.es\/es\/wp-json\/wp\/v2\/product_cat?post=3511"},{"taxonomy":"product_tag","embeddable":true,"href":"https:\/\/draconis.es\/es\/wp-json\/wp\/v2\/product_tag?post=3511"}],"curies":[{"name":"wp","href":"https:\/\/api.w.org\/{rel}","templated":true}]}}